{"id":1493,"date":"2018-11-22T22:39:04","date_gmt":"2018-11-22T21:39:04","guid":{"rendered":"https:\/\/www.lifesentenceindustry.com\/product\/omit-needless-words\/"},"modified":"2025-03-14T10:52:46","modified_gmt":"2025-03-14T09:52:46","slug":"omit-needless-words","status":"publish","type":"product","link":"https:\/\/www.lifesentenceindustry.com\/it\/prodotto\/omit-needless-words\/","title":{"rendered":"OMIT NEEDLESS WORDS"},"content":{"rendered":"<p>Questa tazza \u00e8 stata disegnata pensando a te che al mattino vuoi solo rilassarti senza essere disturbato da nessuno, la scritta\u00a0<strong>OMIT NEEDLEES WORDS <\/strong>verr\u00e0 letta da tutti coloro che saranno vicino a voi, lui o lei capir\u00e0 che potr\u00e0 parlare solo se ha un messaggio importante, tutto il resto potr\u00e0 aspettare e parlerete solo dopo il tuo momento di relax.<br \/>\nGli uccelli che escono dal nostro\u00a0<strong>KEYHOLE<\/strong>\u00a0potrai vederli solo tu, trasmettendoti una sensazione di libert\u00e0 per affrontare al meglio la tua giornata affinch\u00e9 tu possa raggiungere i tuoi obbiettivi.<\/p>\n<p>Che tu stia bevendo il tuo caff\u00e8 mattutino, il t\u00e8 serale o qualcosa di intermedio, questa tazza fa per te! E &#8216;robusta e lucida con una stampa vivida che resiste al microonde e alla lavastoviglie.<\/p>\n<p><em>Caratteristiche principali:<\/em><\/p>\n<p><em>&#8211; La ceramica<\/em><br \/>\n<em>&#8211; Lavabile in lavastoviglie e a microonde<\/em><br \/>\n<em>&#8211; Bianco e lucido<\/em><\/p>\n","protected":false},"excerpt":{"rendered":"<h3><strong>OTTIENI LO SCONTO BENVENUTO DEL 15%<\/strong><\/h3>\n<h4>Usa il codice\u00a0<b>WELCOME\u00a0<\/b>nel carrello per ottenere la diminuzione sul tuo primo ordine.<\/h4>\n<p>Scegli la tua taglia nella\u00a0<strong>Size Chart<\/strong>\u00a0a fondo pagina, indica il tuo colore preferito ed aggiungi al carrello.<\/p>\n","protected":false},"featured_media":1496,"comment_status":"open","ping_status":"closed","template":"","meta":[],"product_brand":[],"product_cat":[105,157],"product_tag":[125],"class_list":{"0":"post-1493","1":"product","2":"type-product","3":"status-publish","4":"has-post-thumbnail","6":"product_cat-accessori","7":"product_cat-tazza","8":"product_tag-omit-needlees-words-it","10":"first","11":"instock","12":"taxable","13":"shipping-taxable","14":"purchasable","15":"product-type-simple"},"yoast_head":"<!-- This site is optimized with the Yoast SEO plugin v25.3 - https:\/\/yoast.com\/wordpress\/plugins\/seo\/ -->\n<title>Mug OMIT NEEDLESS WORDS - Life Sentence Industry<\/title>\n<meta name=\"description\" content=\"La tazza OMIT NEEDLEES WORDS \u00e8 stata progettata pensando che al mattino volete solo rilassarvi senza essere disturbati da nessuno.\" \/>\n<meta name=\"robots\" content=\"index, follow, max-snippet:-1, max-image-preview:large, max-video-preview:-1\" \/>\n<link rel=\"canonical\" href=\"https:\/\/www.lifesentenceindustry.com\/it\/prodotto\/omit-needless-words\/\" \/>\n<meta property=\"og:locale\" content=\"it_IT\" \/>\n<meta property=\"og:type\" content=\"article\" \/>\n<meta property=\"og:title\" content=\"Mug OMIT NEEDLESS WORDS - Life Sentence Industry\" \/>\n<meta property=\"og:description\" content=\"La tazza OMIT NEEDLEES WORDS \u00e8 stata progettata pensando che al mattino volete solo rilassarvi senza essere disturbati da nessuno.\" \/>\n<meta property=\"og:url\" content=\"https:\/\/www.lifesentenceindustry.com\/it\/prodotto\/omit-needless-words\/\" \/>\n<meta property=\"og:site_name\" content=\"Life Sentence Industry\" \/>\n<meta property=\"article:publisher\" content=\"https:\/\/www.facebook.com\/Life-Sentence-Industry-1861459747481393\/\" \/>\n<meta property=\"article:modified_time\" content=\"2025-03-14T09:52:46+00:00\" \/>\n<meta property=\"og:image\" content=\"https:\/\/www.lifesentenceindustry.com\/wp-content\/uploads\/2018\/11\/mockup-236d3253.png\" \/>\n\t<meta property=\"og:image:width\" content=\"1000\" \/>\n\t<meta property=\"og:image:height\" content=\"1000\" \/>\n\t<meta property=\"og:image:type\" content=\"image\/png\" \/>\n<meta name=\"twitter:card\" content=\"summary_large_image\" \/>\n<meta name=\"twitter:site\" content=\"@LifeSentenceRec\" \/>\n<meta name=\"twitter:label1\" content=\"Tempo di lettura stimato\" \/>\n\t<meta name=\"twitter:data1\" content=\"1 minuto\" \/>\n<script type=\"application\/ld+json\" class=\"yoast-schema-graph\">{\"@context\":\"https:\/\/schema.org\",\"@graph\":[{\"@type\":\"WebPage\",\"@id\":\"https:\/\/www.lifesentenceindustry.com\/it\/prodotto\/omit-needless-words\/\",\"url\":\"https:\/\/www.lifesentenceindustry.com\/it\/prodotto\/omit-needless-words\/\",\"name\":\"Mug OMIT NEEDLESS WORDS - Life Sentence Industry\",\"isPartOf\":{\"@id\":\"https:\/\/www.lifesentenceindustry.com\/it\/#website\"},\"primaryImageOfPage\":{\"@id\":\"https:\/\/www.lifesentenceindustry.com\/it\/prodotto\/omit-needless-words\/#primaryimage\"},\"image\":{\"@id\":\"https:\/\/www.lifesentenceindustry.com\/it\/prodotto\/omit-needless-words\/#primaryimage\"},\"thumbnailUrl\":\"https:\/\/www.lifesentenceindustry.com\/wp-content\/uploads\/2018\/11\/mockup-236d3253.png\",\"datePublished\":\"2018-11-22T21:39:04+00:00\",\"dateModified\":\"2025-03-14T09:52:46+00:00\",\"description\":\"La tazza OMIT NEEDLEES WORDS \u00e8 stata progettata pensando che al mattino volete solo rilassarvi senza essere disturbati da nessuno.\",\"breadcrumb\":{\"@id\":\"https:\/\/www.lifesentenceindustry.com\/it\/prodotto\/omit-needless-words\/#breadcrumb\"},\"inLanguage\":\"it-IT\",\"potentialAction\":[{\"@type\":\"ReadAction\",\"target\":[\"https:\/\/www.lifesentenceindustry.com\/it\/prodotto\/omit-needless-words\/\"]}]},{\"@type\":\"ImageObject\",\"inLanguage\":\"it-IT\",\"@id\":\"https:\/\/www.lifesentenceindustry.com\/it\/prodotto\/omit-needless-words\/#primaryimage\",\"url\":\"https:\/\/www.lifesentenceindustry.com\/wp-content\/uploads\/2018\/11\/mockup-236d3253.png\",\"contentUrl\":\"https:\/\/www.lifesentenceindustry.com\/wp-content\/uploads\/2018\/11\/mockup-236d3253.png\",\"width\":1000,\"height\":1000},{\"@type\":\"BreadcrumbList\",\"@id\":\"https:\/\/www.lifesentenceindustry.com\/it\/prodotto\/omit-needless-words\/#breadcrumb\",\"itemListElement\":[{\"@type\":\"ListItem\",\"position\":1,\"name\":\"Home\",\"item\":\"https:\/\/www.lifesentenceindustry.com\/it\/\"},{\"@type\":\"ListItem\",\"position\":2,\"name\":\"NEGOZIO\",\"item\":\"https:\/\/www.lifesentenceindustry.com\/it\/negozio\/\"},{\"@type\":\"ListItem\",\"position\":3,\"name\":\"OMIT NEEDLESS WORDS\"}]},{\"@type\":\"WebSite\",\"@id\":\"https:\/\/www.lifesentenceindustry.com\/it\/#website\",\"url\":\"https:\/\/www.lifesentenceindustry.com\/it\/\",\"name\":\"Life Sentence Industry\",\"description\":\"Underground Clothing Brand\",\"publisher\":{\"@id\":\"https:\/\/www.lifesentenceindustry.com\/it\/#organization\"},\"potentialAction\":[{\"@type\":\"SearchAction\",\"target\":{\"@type\":\"EntryPoint\",\"urlTemplate\":\"https:\/\/www.lifesentenceindustry.com\/it\/?s={search_term_string}\"},\"query-input\":{\"@type\":\"PropertyValueSpecification\",\"valueRequired\":true,\"valueName\":\"search_term_string\"}}],\"inLanguage\":\"it-IT\"},{\"@type\":\"Organization\",\"@id\":\"https:\/\/www.lifesentenceindustry.com\/it\/#organization\",\"name\":\"Life Sentence Industry\",\"url\":\"https:\/\/www.lifesentenceindustry.com\/it\/\",\"logo\":{\"@type\":\"ImageObject\",\"inLanguage\":\"it-IT\",\"@id\":\"https:\/\/www.lifesentenceindustry.com\/it\/#\/schema\/logo\/image\/\",\"url\":\"https:\/\/www.lifesentenceindustry.com\/wp-content\/uploads\/2018\/07\/Industru-Black-Outside-label.png\",\"contentUrl\":\"https:\/\/www.lifesentenceindustry.com\/wp-content\/uploads\/2018\/07\/Industru-Black-Outside-label.png\",\"width\":900,\"height\":900,\"caption\":\"Life Sentence Industry\"},\"image\":{\"@id\":\"https:\/\/www.lifesentenceindustry.com\/it\/#\/schema\/logo\/image\/\"},\"sameAs\":[\"https:\/\/www.facebook.com\/Life-Sentence-Industry-1861459747481393\/\",\"https:\/\/x.com\/LifeSentenceRec\",\"https:\/\/www.instagram.com\/lifesentenceindustry\/\",\"https:\/\/www.linkedin.com\/company\/lifesentenceindustry\",\"https:\/\/myspace.com\/lifesentencerec\",\"https:\/\/it.pinterest.com\/lifesentencerec\/\",\"https:\/\/www.youtube.com\/user\/LifeSentenceRec\"]}]}<\/script>\n<!-- \/ Yoast SEO plugin. -->","yoast_head_json":{"title":"Mug OMIT NEEDLESS WORDS - Life Sentence Industry","description":"La tazza OMIT NEEDLEES WORDS \u00e8 stata progettata pensando che al mattino volete solo rilassarvi senza essere disturbati da nessuno.","robots":{"index":"index","follow":"follow","max-snippet":"max-snippet:-1","max-image-preview":"max-image-preview:large","max-video-preview":"max-video-preview:-1"},"canonical":"https:\/\/www.lifesentenceindustry.com\/it\/prodotto\/omit-needless-words\/","og_locale":"it_IT","og_type":"article","og_title":"Mug OMIT NEEDLESS WORDS - Life Sentence Industry","og_description":"La tazza OMIT NEEDLEES WORDS \u00e8 stata progettata pensando che al mattino volete solo rilassarvi senza essere disturbati da nessuno.","og_url":"https:\/\/www.lifesentenceindustry.com\/it\/prodotto\/omit-needless-words\/","og_site_name":"Life Sentence Industry","article_publisher":"https:\/\/www.facebook.com\/Life-Sentence-Industry-1861459747481393\/","article_modified_time":"2025-03-14T09:52:46+00:00","og_image":[{"width":1000,"height":1000,"url":"https:\/\/www.lifesentenceindustry.com\/wp-content\/uploads\/2018\/11\/mockup-236d3253.png","type":"image\/png"}],"twitter_card":"summary_large_image","twitter_site":"@LifeSentenceRec","twitter_misc":{"Tempo di lettura stimato":"1 minuto"},"schema":{"@context":"https:\/\/schema.org","@graph":[{"@type":"WebPage","@id":"https:\/\/www.lifesentenceindustry.com\/it\/prodotto\/omit-needless-words\/","url":"https:\/\/www.lifesentenceindustry.com\/it\/prodotto\/omit-needless-words\/","name":"Mug OMIT NEEDLESS WORDS - Life Sentence Industry","isPartOf":{"@id":"https:\/\/www.lifesentenceindustry.com\/it\/#website"},"primaryImageOfPage":{"@id":"https:\/\/www.lifesentenceindustry.com\/it\/prodotto\/omit-needless-words\/#primaryimage"},"image":{"@id":"https:\/\/www.lifesentenceindustry.com\/it\/prodotto\/omit-needless-words\/#primaryimage"},"thumbnailUrl":"https:\/\/www.lifesentenceindustry.com\/wp-content\/uploads\/2018\/11\/mockup-236d3253.png","datePublished":"2018-11-22T21:39:04+00:00","dateModified":"2025-03-14T09:52:46+00:00","description":"La tazza OMIT NEEDLEES WORDS \u00e8 stata progettata pensando che al mattino volete solo rilassarvi senza essere disturbati da nessuno.","breadcrumb":{"@id":"https:\/\/www.lifesentenceindustry.com\/it\/prodotto\/omit-needless-words\/#breadcrumb"},"inLanguage":"it-IT","potentialAction":[{"@type":"ReadAction","target":["https:\/\/www.lifesentenceindustry.com\/it\/prodotto\/omit-needless-words\/"]}]},{"@type":"ImageObject","inLanguage":"it-IT","@id":"https:\/\/www.lifesentenceindustry.com\/it\/prodotto\/omit-needless-words\/#primaryimage","url":"https:\/\/www.lifesentenceindustry.com\/wp-content\/uploads\/2018\/11\/mockup-236d3253.png","contentUrl":"https:\/\/www.lifesentenceindustry.com\/wp-content\/uploads\/2018\/11\/mockup-236d3253.png","width":1000,"height":1000},{"@type":"BreadcrumbList","@id":"https:\/\/www.lifesentenceindustry.com\/it\/prodotto\/omit-needless-words\/#breadcrumb","itemListElement":[{"@type":"ListItem","position":1,"name":"Home","item":"https:\/\/www.lifesentenceindustry.com\/it\/"},{"@type":"ListItem","position":2,"name":"NEGOZIO","item":"https:\/\/www.lifesentenceindustry.com\/it\/negozio\/"},{"@type":"ListItem","position":3,"name":"OMIT NEEDLESS WORDS"}]},{"@type":"WebSite","@id":"https:\/\/www.lifesentenceindustry.com\/it\/#website","url":"https:\/\/www.lifesentenceindustry.com\/it\/","name":"Life Sentence Industry","description":"Underground Clothing Brand","publisher":{"@id":"https:\/\/www.lifesentenceindustry.com\/it\/#organization"},"potentialAction":[{"@type":"SearchAction","target":{"@type":"EntryPoint","urlTemplate":"https:\/\/www.lifesentenceindustry.com\/it\/?s={search_term_string}"},"query-input":{"@type":"PropertyValueSpecification","valueRequired":true,"valueName":"search_term_string"}}],"inLanguage":"it-IT"},{"@type":"Organization","@id":"https:\/\/www.lifesentenceindustry.com\/it\/#organization","name":"Life Sentence Industry","url":"https:\/\/www.lifesentenceindustry.com\/it\/","logo":{"@type":"ImageObject","inLanguage":"it-IT","@id":"https:\/\/www.lifesentenceindustry.com\/it\/#\/schema\/logo\/image\/","url":"https:\/\/www.lifesentenceindustry.com\/wp-content\/uploads\/2018\/07\/Industru-Black-Outside-label.png","contentUrl":"https:\/\/www.lifesentenceindustry.com\/wp-content\/uploads\/2018\/07\/Industru-Black-Outside-label.png","width":900,"height":900,"caption":"Life Sentence Industry"},"image":{"@id":"https:\/\/www.lifesentenceindustry.com\/it\/#\/schema\/logo\/image\/"},"sameAs":["https:\/\/www.facebook.com\/Life-Sentence-Industry-1861459747481393\/","https:\/\/x.com\/LifeSentenceRec","https:\/\/www.instagram.com\/lifesentenceindustry\/","https:\/\/www.linkedin.com\/company\/lifesentenceindustry","https:\/\/myspace.com\/lifesentencerec","https:\/\/it.pinterest.com\/lifesentencerec\/","https:\/\/www.youtube.com\/user\/LifeSentenceRec"]}]}},"_links":{"self":[{"href":"https:\/\/www.lifesentenceindustry.com\/it\/wp-json\/wp\/v2\/product\/1493","targetHints":{"allow":["GET"]}}],"collection":[{"href":"https:\/\/www.lifesentenceindustry.com\/it\/wp-json\/wp\/v2\/product"}],"about":[{"href":"https:\/\/www.lifesentenceindustry.com\/it\/wp-json\/wp\/v2\/types\/product"}],"replies":[{"embeddable":true,"href":"https:\/\/www.lifesentenceindustry.com\/it\/wp-json\/wp\/v2\/comments?post=1493"}],"wp:featuredmedia":[{"embeddable":true,"href":"https:\/\/www.lifesentenceindustry.com\/it\/wp-json\/wp\/v2\/media\/1496"}],"wp:attachment":[{"href":"https:\/\/www.lifesentenceindustry.com\/it\/wp-json\/wp\/v2\/media?parent=1493"}],"wp:term":[{"taxonomy":"product_brand","embeddable":true,"href":"https:\/\/www.lifesentenceindustry.com\/it\/wp-json\/wp\/v2\/product_brand?post=1493"},{"taxonomy":"product_cat","embeddable":true,"href":"https:\/\/www.lifesentenceindustry.com\/it\/wp-json\/wp\/v2\/product_cat?post=1493"},{"taxonomy":"product_tag","embeddable":true,"href":"https:\/\/www.lifesentenceindustry.com\/it\/wp-json\/wp\/v2\/product_tag?post=1493"}],"curies":[{"name":"wp","href":"https:\/\/api.w.org\/{rel}","templated":true}]}}