{"id":3593,"date":"2019-06-26T16:14:29","date_gmt":"2019-06-26T14:14:29","guid":{"rendered":"https:\/\/www.lifesentenceindustry.com\/product\/traveller-balloon-woman\/"},"modified":"2020-06-16T22:53:17","modified_gmt":"2020-06-16T20:53:17","slug":"traveller-balloon-woman","status":"publish","type":"product","link":"https:\/\/www.lifesentenceindustry.com\/it\/prodotto\/traveller-balloon-woman\/","title":{"rendered":"TRAVELLER BALLOON WOMAN"},"content":{"rendered":"<p>Con il progetto\u00a0<strong>Traveller Balloon Woman<\/strong>\u00a0non avrete pi\u00f9 il timore di non comunicare quando sarete in vacanza in un paese estero.<br \/>\nQuesto concetto \u00e8 stato sviluppato dalla nostra community scegliendo assieme i simboli principali per le necessit\u00e0 che si hanno nei paese esteri.<br \/>\nI mezzi di spostamento, le attivit\u00e0 da fare, la tipologia di ristorazione i luoghi da vedere nelle vicinanze e le emergenze sono tipicamente quegli argomenti che si richiedono agli abitanti locali.<br \/>\nPotrete andare in vacanza in qualunque paese senza utilizzare il dizionario o un applicazione di traduzione (cosa accadrebbe se non ci fosse rete?).<br \/>\n<strong>Sicuramente con questa grafica sopravviverete in ogni situazione.<\/strong><br \/>\nSe amate andare in vacanza e temete la barriera di linguaggio con la grafica Traveller Balloon potrete partire per qualsiasi destinazione.<br \/>\nPer organizzare la vostra vacanza perfetta leggete i consigli della nostra amica\u00a0<a href=\"https:\/\/www.callmeclaire.net\/it\/\" target=\"_blank\" rel=\"noopener noreferrer\">Call me Claire<\/a>.<br \/>\nSe cerchi un accessorio perfetto per le tue vacanze,\u00a0<a href=\"https:\/\/www.lifesentenceindustry.com\/tag-product\/traveller\/\" target=\"_blank\" rel=\"noopener noreferrer\">qui puoi trovare tutto quello che ti serve.<\/a><\/p>\n<hr \/>\n<p>Ecco a te la t-shirt che nel tuo guardaroba non deve mancare. \u00c8 fatta di un cotone pi\u00f9 spesso e pesante, ma allo stesso tempo \u00e8 morbida e confortevole. Le doppie cuciture sul collo e sulle maniche aggiungono maggiore durata a quello che \u00e8 sicuramente uno dei tuoi indumenti preferiti!<\/p>\n<p>\u2013 100% cotone pettinato<br \/>\n\u2013 4,5 oz\/y\u00b2 (153 g\/m\u00b2)<br \/>\n\u2013 Cucitura da spalla a spalla<\/p>\n","protected":false},"excerpt":{"rendered":"<h3><strong>OTTIENI LO SCONTO BENVENUTO DEL 15%<\/strong><\/h3>\n<h4>Usa il codice\u00a0<b>WELCOME\u00a0<\/b>nel carrello per ottenere la diminuzione sul tuo primo ordine.<\/h4>\n<p>Scegli la tua taglia nella\u00a0<strong>Size Chart<\/strong>\u00a0a fondo pagina, indica il tuo colore preferito ed aggiungi al carrello.<\/p>\n","protected":false},"featured_media":3580,"comment_status":"open","ping_status":"closed","template":"","meta":[],"product_brand":[],"product_cat":[107,110],"product_tag":[188],"class_list":{"0":"post-3593","1":"product","2":"type-product","3":"status-publish","4":"has-post-thumbnail","6":"product_cat-magliette","7":"product_cat-magliette-donna","8":"product_tag-traveller-it","10":"first","11":"instock","12":"taxable","13":"shipping-taxable","14":"purchasable","15":"product-type-variable","16":"has-default-attributes"},"yoast_head":"<!-- This site is optimized with the Yoast SEO plugin v25.3 - https:\/\/yoast.com\/wordpress\/plugins\/seo\/ -->\n<title>TRAVELLER BALLOON WOMAN T-shirt Es - Life Sentence Industry<\/title>\n<meta name=\"description\" content=\"Con il progetto\u00a0Traveller Balloon Woman\u00a0non avrete pi\u00f9 il timore di non comunicare quando sarete in vacanza in un paese estero.\" \/>\n<meta name=\"robots\" content=\"index, follow, max-snippet:-1, max-image-preview:large, max-video-preview:-1\" \/>\n<link rel=\"canonical\" href=\"https:\/\/www.lifesentenceindustry.com\/it\/prodotto\/traveller-balloon-woman\/\" \/>\n<meta property=\"og:locale\" content=\"it_IT\" \/>\n<meta property=\"og:type\" content=\"article\" \/>\n<meta property=\"og:title\" content=\"TRAVELLER BALLOON WOMAN T-shirt Es - Life Sentence Industry\" \/>\n<meta property=\"og:description\" content=\"Con il progetto\u00a0Traveller Balloon Woman\u00a0non avrete pi\u00f9 il timore di non comunicare quando sarete in vacanza in un paese estero.\" \/>\n<meta property=\"og:url\" content=\"https:\/\/www.lifesentenceindustry.com\/it\/prodotto\/traveller-balloon-woman\/\" \/>\n<meta property=\"og:site_name\" content=\"Life Sentence Industry\" \/>\n<meta property=\"article:publisher\" content=\"https:\/\/www.facebook.com\/Life-Sentence-Industry-1861459747481393\/\" \/>\n<meta property=\"article:modified_time\" content=\"2020-06-16T20:53:17+00:00\" \/>\n<meta property=\"og:image\" content=\"https:\/\/www.lifesentenceindustry.com\/wp-content\/uploads\/2019\/06\/mockup-c515dfe9.png\" \/>\n\t<meta property=\"og:image:width\" content=\"1000\" \/>\n\t<meta property=\"og:image:height\" content=\"1000\" \/>\n\t<meta property=\"og:image:type\" content=\"image\/png\" \/>\n<meta name=\"twitter:card\" content=\"summary_large_image\" \/>\n<meta name=\"twitter:site\" content=\"@LifeSentenceRec\" \/>\n<meta name=\"twitter:label1\" content=\"Tempo di lettura stimato\" \/>\n\t<meta name=\"twitter:data1\" content=\"1 minuto\" \/>\n<script type=\"application\/ld+json\" class=\"yoast-schema-graph\">{\"@context\":\"https:\/\/schema.org\",\"@graph\":[{\"@type\":\"WebPage\",\"@id\":\"https:\/\/www.lifesentenceindustry.com\/it\/prodotto\/traveller-balloon-woman\/\",\"url\":\"https:\/\/www.lifesentenceindustry.com\/it\/prodotto\/traveller-balloon-woman\/\",\"name\":\"TRAVELLER BALLOON WOMAN T-shirt Es - Life Sentence Industry\",\"isPartOf\":{\"@id\":\"https:\/\/www.lifesentenceindustry.com\/it\/#website\"},\"primaryImageOfPage\":{\"@id\":\"https:\/\/www.lifesentenceindustry.com\/it\/prodotto\/traveller-balloon-woman\/#primaryimage\"},\"image\":{\"@id\":\"https:\/\/www.lifesentenceindustry.com\/it\/prodotto\/traveller-balloon-woman\/#primaryimage\"},\"thumbnailUrl\":\"https:\/\/www.lifesentenceindustry.com\/wp-content\/uploads\/2019\/06\/mockup-c515dfe9.png\",\"datePublished\":\"2019-06-26T14:14:29+00:00\",\"dateModified\":\"2020-06-16T20:53:17+00:00\",\"description\":\"Con il progetto\u00a0Traveller Balloon Woman\u00a0non avrete pi\u00f9 il timore di non comunicare quando sarete in vacanza in un paese estero.\",\"breadcrumb\":{\"@id\":\"https:\/\/www.lifesentenceindustry.com\/it\/prodotto\/traveller-balloon-woman\/#breadcrumb\"},\"inLanguage\":\"it-IT\",\"potentialAction\":[{\"@type\":\"ReadAction\",\"target\":[\"https:\/\/www.lifesentenceindustry.com\/it\/prodotto\/traveller-balloon-woman\/\"]}]},{\"@type\":\"ImageObject\",\"inLanguage\":\"it-IT\",\"@id\":\"https:\/\/www.lifesentenceindustry.com\/it\/prodotto\/traveller-balloon-woman\/#primaryimage\",\"url\":\"https:\/\/www.lifesentenceindustry.com\/wp-content\/uploads\/2019\/06\/mockup-c515dfe9.png\",\"contentUrl\":\"https:\/\/www.lifesentenceindustry.com\/wp-content\/uploads\/2019\/06\/mockup-c515dfe9.png\",\"width\":1000,\"height\":1000,\"caption\":\"maglietta donna vacanze\"},{\"@type\":\"BreadcrumbList\",\"@id\":\"https:\/\/www.lifesentenceindustry.com\/it\/prodotto\/traveller-balloon-woman\/#breadcrumb\",\"itemListElement\":[{\"@type\":\"ListItem\",\"position\":1,\"name\":\"Home\",\"item\":\"https:\/\/www.lifesentenceindustry.com\/it\/\"},{\"@type\":\"ListItem\",\"position\":2,\"name\":\"NEGOZIO\",\"item\":\"https:\/\/www.lifesentenceindustry.com\/it\/negozio\/\"},{\"@type\":\"ListItem\",\"position\":3,\"name\":\"TRAVELLER BALLOON WOMAN\"}]},{\"@type\":\"WebSite\",\"@id\":\"https:\/\/www.lifesentenceindustry.com\/it\/#website\",\"url\":\"https:\/\/www.lifesentenceindustry.com\/it\/\",\"name\":\"Life Sentence Industry\",\"description\":\"Underground Clothing Brand\",\"publisher\":{\"@id\":\"https:\/\/www.lifesentenceindustry.com\/it\/#organization\"},\"potentialAction\":[{\"@type\":\"SearchAction\",\"target\":{\"@type\":\"EntryPoint\",\"urlTemplate\":\"https:\/\/www.lifesentenceindustry.com\/it\/?s={search_term_string}\"},\"query-input\":{\"@type\":\"PropertyValueSpecification\",\"valueRequired\":true,\"valueName\":\"search_term_string\"}}],\"inLanguage\":\"it-IT\"},{\"@type\":\"Organization\",\"@id\":\"https:\/\/www.lifesentenceindustry.com\/it\/#organization\",\"name\":\"Life Sentence Industry\",\"url\":\"https:\/\/www.lifesentenceindustry.com\/it\/\",\"logo\":{\"@type\":\"ImageObject\",\"inLanguage\":\"it-IT\",\"@id\":\"https:\/\/www.lifesentenceindustry.com\/it\/#\/schema\/logo\/image\/\",\"url\":\"https:\/\/www.lifesentenceindustry.com\/wp-content\/uploads\/2018\/07\/Industru-Black-Outside-label.png\",\"contentUrl\":\"https:\/\/www.lifesentenceindustry.com\/wp-content\/uploads\/2018\/07\/Industru-Black-Outside-label.png\",\"width\":900,\"height\":900,\"caption\":\"Life Sentence Industry\"},\"image\":{\"@id\":\"https:\/\/www.lifesentenceindustry.com\/it\/#\/schema\/logo\/image\/\"},\"sameAs\":[\"https:\/\/www.facebook.com\/Life-Sentence-Industry-1861459747481393\/\",\"https:\/\/x.com\/LifeSentenceRec\",\"https:\/\/www.instagram.com\/lifesentenceindustry\/\",\"https:\/\/www.linkedin.com\/company\/lifesentenceindustry\",\"https:\/\/myspace.com\/lifesentencerec\",\"https:\/\/it.pinterest.com\/lifesentencerec\/\",\"https:\/\/www.youtube.com\/user\/LifeSentenceRec\"]}]}<\/script>\n<!-- \/ Yoast SEO plugin. -->","yoast_head_json":{"title":"TRAVELLER BALLOON WOMAN T-shirt Es - Life Sentence Industry","description":"Con il progetto\u00a0Traveller Balloon Woman\u00a0non avrete pi\u00f9 il timore di non comunicare quando sarete in vacanza in un paese estero.","robots":{"index":"index","follow":"follow","max-snippet":"max-snippet:-1","max-image-preview":"max-image-preview:large","max-video-preview":"max-video-preview:-1"},"canonical":"https:\/\/www.lifesentenceindustry.com\/it\/prodotto\/traveller-balloon-woman\/","og_locale":"it_IT","og_type":"article","og_title":"TRAVELLER BALLOON WOMAN T-shirt Es - Life Sentence Industry","og_description":"Con il progetto\u00a0Traveller Balloon Woman\u00a0non avrete pi\u00f9 il timore di non comunicare quando sarete in vacanza in un paese estero.","og_url":"https:\/\/www.lifesentenceindustry.com\/it\/prodotto\/traveller-balloon-woman\/","og_site_name":"Life Sentence Industry","article_publisher":"https:\/\/www.facebook.com\/Life-Sentence-Industry-1861459747481393\/","article_modified_time":"2020-06-16T20:53:17+00:00","og_image":[{"width":1000,"height":1000,"url":"https:\/\/www.lifesentenceindustry.com\/wp-content\/uploads\/2019\/06\/mockup-c515dfe9.png","type":"image\/png"}],"twitter_card":"summary_large_image","twitter_site":"@LifeSentenceRec","twitter_misc":{"Tempo di lettura stimato":"1 minuto"},"schema":{"@context":"https:\/\/schema.org","@graph":[{"@type":"WebPage","@id":"https:\/\/www.lifesentenceindustry.com\/it\/prodotto\/traveller-balloon-woman\/","url":"https:\/\/www.lifesentenceindustry.com\/it\/prodotto\/traveller-balloon-woman\/","name":"TRAVELLER BALLOON WOMAN T-shirt Es - Life Sentence Industry","isPartOf":{"@id":"https:\/\/www.lifesentenceindustry.com\/it\/#website"},"primaryImageOfPage":{"@id":"https:\/\/www.lifesentenceindustry.com\/it\/prodotto\/traveller-balloon-woman\/#primaryimage"},"image":{"@id":"https:\/\/www.lifesentenceindustry.com\/it\/prodotto\/traveller-balloon-woman\/#primaryimage"},"thumbnailUrl":"https:\/\/www.lifesentenceindustry.com\/wp-content\/uploads\/2019\/06\/mockup-c515dfe9.png","datePublished":"2019-06-26T14:14:29+00:00","dateModified":"2020-06-16T20:53:17+00:00","description":"Con il progetto\u00a0Traveller Balloon Woman\u00a0non avrete pi\u00f9 il timore di non comunicare quando sarete in vacanza in un paese estero.","breadcrumb":{"@id":"https:\/\/www.lifesentenceindustry.com\/it\/prodotto\/traveller-balloon-woman\/#breadcrumb"},"inLanguage":"it-IT","potentialAction":[{"@type":"ReadAction","target":["https:\/\/www.lifesentenceindustry.com\/it\/prodotto\/traveller-balloon-woman\/"]}]},{"@type":"ImageObject","inLanguage":"it-IT","@id":"https:\/\/www.lifesentenceindustry.com\/it\/prodotto\/traveller-balloon-woman\/#primaryimage","url":"https:\/\/www.lifesentenceindustry.com\/wp-content\/uploads\/2019\/06\/mockup-c515dfe9.png","contentUrl":"https:\/\/www.lifesentenceindustry.com\/wp-content\/uploads\/2019\/06\/mockup-c515dfe9.png","width":1000,"height":1000,"caption":"maglietta donna vacanze"},{"@type":"BreadcrumbList","@id":"https:\/\/www.lifesentenceindustry.com\/it\/prodotto\/traveller-balloon-woman\/#breadcrumb","itemListElement":[{"@type":"ListItem","position":1,"name":"Home","item":"https:\/\/www.lifesentenceindustry.com\/it\/"},{"@type":"ListItem","position":2,"name":"NEGOZIO","item":"https:\/\/www.lifesentenceindustry.com\/it\/negozio\/"},{"@type":"ListItem","position":3,"name":"TRAVELLER BALLOON WOMAN"}]},{"@type":"WebSite","@id":"https:\/\/www.lifesentenceindustry.com\/it\/#website","url":"https:\/\/www.lifesentenceindustry.com\/it\/","name":"Life Sentence Industry","description":"Underground Clothing Brand","publisher":{"@id":"https:\/\/www.lifesentenceindustry.com\/it\/#organization"},"potentialAction":[{"@type":"SearchAction","target":{"@type":"EntryPoint","urlTemplate":"https:\/\/www.lifesentenceindustry.com\/it\/?s={search_term_string}"},"query-input":{"@type":"PropertyValueSpecification","valueRequired":true,"valueName":"search_term_string"}}],"inLanguage":"it-IT"},{"@type":"Organization","@id":"https:\/\/www.lifesentenceindustry.com\/it\/#organization","name":"Life Sentence Industry","url":"https:\/\/www.lifesentenceindustry.com\/it\/","logo":{"@type":"ImageObject","inLanguage":"it-IT","@id":"https:\/\/www.lifesentenceindustry.com\/it\/#\/schema\/logo\/image\/","url":"https:\/\/www.lifesentenceindustry.com\/wp-content\/uploads\/2018\/07\/Industru-Black-Outside-label.png","contentUrl":"https:\/\/www.lifesentenceindustry.com\/wp-content\/uploads\/2018\/07\/Industru-Black-Outside-label.png","width":900,"height":900,"caption":"Life Sentence Industry"},"image":{"@id":"https:\/\/www.lifesentenceindustry.com\/it\/#\/schema\/logo\/image\/"},"sameAs":["https:\/\/www.facebook.com\/Life-Sentence-Industry-1861459747481393\/","https:\/\/x.com\/LifeSentenceRec","https:\/\/www.instagram.com\/lifesentenceindustry\/","https:\/\/www.linkedin.com\/company\/lifesentenceindustry","https:\/\/myspace.com\/lifesentencerec","https:\/\/it.pinterest.com\/lifesentencerec\/","https:\/\/www.youtube.com\/user\/LifeSentenceRec"]}]}},"_links":{"self":[{"href":"https:\/\/www.lifesentenceindustry.com\/it\/wp-json\/wp\/v2\/product\/3593","targetHints":{"allow":["GET"]}}],"collection":[{"href":"https:\/\/www.lifesentenceindustry.com\/it\/wp-json\/wp\/v2\/product"}],"about":[{"href":"https:\/\/www.lifesentenceindustry.com\/it\/wp-json\/wp\/v2\/types\/product"}],"replies":[{"embeddable":true,"href":"https:\/\/www.lifesentenceindustry.com\/it\/wp-json\/wp\/v2\/comments?post=3593"}],"wp:featuredmedia":[{"embeddable":true,"href":"https:\/\/www.lifesentenceindustry.com\/it\/wp-json\/wp\/v2\/media\/3580"}],"wp:attachment":[{"href":"https:\/\/www.lifesentenceindustry.com\/it\/wp-json\/wp\/v2\/media?parent=3593"}],"wp:term":[{"taxonomy":"product_brand","embeddable":true,"href":"https:\/\/www.lifesentenceindustry.com\/it\/wp-json\/wp\/v2\/product_brand?post=3593"},{"taxonomy":"product_cat","embeddable":true,"href":"https:\/\/www.lifesentenceindustry.com\/it\/wp-json\/wp\/v2\/product_cat?post=3593"},{"taxonomy":"product_tag","embeddable":true,"href":"https:\/\/www.lifesentenceindustry.com\/it\/wp-json\/wp\/v2\/product_tag?post=3593"}],"curies":[{"name":"wp","href":"https:\/\/api.w.org\/{rel}","templated":true}]}}