{"id":6406,"date":"2020-05-04T10:39:16","date_gmt":"2020-05-07T20:29:52","guid":{"rendered":"https:\/\/www.lifesentenceindustry.com\/?post_type=product&#038;p=6406"},"modified":"2020-05-07T22:33:53","modified_gmt":"2020-05-07T20:33:53","slug":"life-socks-one","status":"publish","type":"product","link":"https:\/\/www.lifesentenceindustry.com\/it\/prodotto\/life-socks-one\/","title":{"rendered":"LIFE SOCKS ONE"},"content":{"rendered":"<p>I Life Socks One sono perfetti per giocare a tennis e sono anche alla moda per ogni evento. Calze sportive in spugna che vestono a met\u00e0 polpaccio. Calze perfette per andare in palestra o da indossare nelle serate libere. Molto morbidi e molto piacevoli da indossare.<\/p>\n<p>Scegliete sempre i prodotti Life Sentence Industry ed utilizzate il nostro hastag ufficiale <a href=\"https:\/\/www.instagram.com\/explore\/tags\/keyholeindustry\/\" target=\"_blank\" rel=\"noopener noreferrer\">#KeyholeIndustry<\/a><\/p>\n<p>I Life Socks sono extra confortevoli grazie al loro fondo imbottito. Il piede \u00e8 nero, con un&#8217;opera d&#8217;arte stampata lungo la gamba con colori croccanti e audaci che non sbiadiscono.<\/p>\n<ul>\n<li>60% nylon + 22% cotone + 18% elastan<\/li>\n<li>Lunghezza mezzopolpaccio<\/li>\n<li>Pianta ammortizzata<\/li>\n<li>Lavare a freddo con colori simili e appendere ad asciugare<\/li>\n<\/ul>\n<p>Gli articoli con il <a href=\"https:\/\/www.lifesentenceindustry.com\/it\/tag-prodotto\/keyhole-it\/\" target=\"_blank\" rel=\"noopener noreferrer\">logo<\/a> Life Sentence Industry vengono spediti dal magazzino pi\u00f9 vicino, quindi la consegna \u00e8 pi\u00f9 veloce. Un regalo di classe per i vostri amici speciali.<\/p>\n<p>Istruzioni per il lavaggio: Lavare in lavatrice a 40 gradi, Non asciugare in asciugatrice.<\/p>\n<p>Non lasciano peluche dopo il lavaggio, sembreranno sempre calze di spugna nuove e durature.<\/p>\n","protected":false},"excerpt":{"rendered":"<h3><strong>OTTIENI LO SCONTO BENVENUTO DEL 15%<\/strong><\/h3>\n<h4>Usa il codice\u00a0<b>WELCOME\u00a0<\/b>nel carrello per ottenere la diminuzione sul tuo primo ordine.<\/h4>\n<p>Scegli la tua taglia nella\u00a0<strong>Size Chart<\/strong>\u00a0a fondo pagina, indica il tuo colore preferito ed aggiungi al carrello.<\/p>\n","protected":false},"featured_media":6399,"comment_status":"open","ping_status":"closed","template":"","meta":[],"product_brand":[],"product_cat":[105],"product_tag":[119,120],"class_list":{"0":"post-6406","1":"product","2":"type-product","3":"status-publish","4":"has-post-thumbnail","6":"product_cat-accessori","7":"product_tag-keyhole-it","8":"product_tag-life-it","10":"first","11":"instock","12":"taxable","13":"shipping-taxable","14":"purchasable","15":"product-type-variable","16":"has-default-attributes"},"yoast_head":"<!-- This site is optimized with the Yoast SEO plugin v25.3 - https:\/\/yoast.com\/wordpress\/plugins\/seo\/ -->\n<title>LIFE SOCKS ONE Limited Edition - Life Sentence Industry<\/title>\n<meta name=\"description\" content=\"I Life Socks One sono perfetti per giocare a tennis, andare in palestra e da indossare nelle vostre serate liberegni evento. Sconto del 15%\" \/>\n<meta name=\"robots\" content=\"index, follow, max-snippet:-1, max-image-preview:large, max-video-preview:-1\" \/>\n<link rel=\"canonical\" href=\"https:\/\/www.lifesentenceindustry.com\/it\/prodotto\/life-socks-one\/\" \/>\n<meta property=\"og:locale\" content=\"it_IT\" \/>\n<meta property=\"og:type\" content=\"article\" \/>\n<meta property=\"og:title\" content=\"LIFE SOCKS ONE Limited Edition - Life Sentence Industry\" \/>\n<meta property=\"og:description\" content=\"I Life Socks One sono perfetti per giocare a tennis, andare in palestra e da indossare nelle vostre serate liberegni evento. Sconto del 15%\" \/>\n<meta property=\"og:url\" content=\"https:\/\/www.lifesentenceindustry.com\/it\/prodotto\/life-socks-one\/\" \/>\n<meta property=\"og:site_name\" content=\"Life Sentence Industry\" \/>\n<meta property=\"article:publisher\" content=\"https:\/\/www.facebook.com\/Life-Sentence-Industry-1861459747481393\/\" \/>\n<meta property=\"article:modified_time\" content=\"2020-05-07T20:33:53+00:00\" \/>\n<meta property=\"og:image\" content=\"https:\/\/www.lifesentenceindustry.com\/wp-content\/uploads\/2020\/05\/mockup-3d1178a4.png\" \/>\n\t<meta property=\"og:image:width\" content=\"1000\" \/>\n\t<meta property=\"og:image:height\" content=\"1000\" \/>\n\t<meta property=\"og:image:type\" content=\"image\/png\" \/>\n<meta name=\"twitter:card\" content=\"summary_large_image\" \/>\n<meta name=\"twitter:site\" content=\"@LifeSentenceRec\" \/>\n<meta name=\"twitter:label1\" content=\"Tempo di lettura stimato\" \/>\n\t<meta name=\"twitter:data1\" content=\"1 minuto\" \/>\n<script type=\"application\/ld+json\" class=\"yoast-schema-graph\">{\"@context\":\"https:\/\/schema.org\",\"@graph\":[{\"@type\":\"WebPage\",\"@id\":\"https:\/\/www.lifesentenceindustry.com\/it\/prodotto\/life-socks-one\/\",\"url\":\"https:\/\/www.lifesentenceindustry.com\/it\/prodotto\/life-socks-one\/\",\"name\":\"LIFE SOCKS ONE Limited Edition - Life Sentence Industry\",\"isPartOf\":{\"@id\":\"https:\/\/www.lifesentenceindustry.com\/it\/#website\"},\"primaryImageOfPage\":{\"@id\":\"https:\/\/www.lifesentenceindustry.com\/it\/prodotto\/life-socks-one\/#primaryimage\"},\"image\":{\"@id\":\"https:\/\/www.lifesentenceindustry.com\/it\/prodotto\/life-socks-one\/#primaryimage\"},\"thumbnailUrl\":\"https:\/\/www.lifesentenceindustry.com\/wp-content\/uploads\/2020\/05\/mockup-3d1178a4.png\",\"datePublished\":\"2020-05-07T20:29:52+00:00\",\"dateModified\":\"2020-05-07T20:33:53+00:00\",\"description\":\"I Life Socks One sono perfetti per giocare a tennis, andare in palestra e da indossare nelle vostre serate liberegni evento. Sconto del 15%\",\"breadcrumb\":{\"@id\":\"https:\/\/www.lifesentenceindustry.com\/it\/prodotto\/life-socks-one\/#breadcrumb\"},\"inLanguage\":\"it-IT\",\"potentialAction\":[{\"@type\":\"ReadAction\",\"target\":[\"https:\/\/www.lifesentenceindustry.com\/it\/prodotto\/life-socks-one\/\"]}]},{\"@type\":\"ImageObject\",\"inLanguage\":\"it-IT\",\"@id\":\"https:\/\/www.lifesentenceindustry.com\/it\/prodotto\/life-socks-one\/#primaryimage\",\"url\":\"https:\/\/www.lifesentenceindustry.com\/wp-content\/uploads\/2020\/05\/mockup-3d1178a4.png\",\"contentUrl\":\"https:\/\/www.lifesentenceindustry.com\/wp-content\/uploads\/2020\/05\/mockup-3d1178a4.png\",\"width\":1000,\"height\":1000,\"caption\":\"Life-Socks-One-left\"},{\"@type\":\"BreadcrumbList\",\"@id\":\"https:\/\/www.lifesentenceindustry.com\/it\/prodotto\/life-socks-one\/#breadcrumb\",\"itemListElement\":[{\"@type\":\"ListItem\",\"position\":1,\"name\":\"Home\",\"item\":\"https:\/\/www.lifesentenceindustry.com\/it\/\"},{\"@type\":\"ListItem\",\"position\":2,\"name\":\"NEGOZIO\",\"item\":\"https:\/\/www.lifesentenceindustry.com\/it\/negozio\/\"},{\"@type\":\"ListItem\",\"position\":3,\"name\":\"LIFE SOCKS ONE\"}]},{\"@type\":\"WebSite\",\"@id\":\"https:\/\/www.lifesentenceindustry.com\/it\/#website\",\"url\":\"https:\/\/www.lifesentenceindustry.com\/it\/\",\"name\":\"Life Sentence Industry\",\"description\":\"Underground Clothing Brand\",\"publisher\":{\"@id\":\"https:\/\/www.lifesentenceindustry.com\/it\/#organization\"},\"potentialAction\":[{\"@type\":\"SearchAction\",\"target\":{\"@type\":\"EntryPoint\",\"urlTemplate\":\"https:\/\/www.lifesentenceindustry.com\/it\/?s={search_term_string}\"},\"query-input\":{\"@type\":\"PropertyValueSpecification\",\"valueRequired\":true,\"valueName\":\"search_term_string\"}}],\"inLanguage\":\"it-IT\"},{\"@type\":\"Organization\",\"@id\":\"https:\/\/www.lifesentenceindustry.com\/it\/#organization\",\"name\":\"Life Sentence Industry\",\"url\":\"https:\/\/www.lifesentenceindustry.com\/it\/\",\"logo\":{\"@type\":\"ImageObject\",\"inLanguage\":\"it-IT\",\"@id\":\"https:\/\/www.lifesentenceindustry.com\/it\/#\/schema\/logo\/image\/\",\"url\":\"https:\/\/www.lifesentenceindustry.com\/wp-content\/uploads\/2018\/07\/Industru-Black-Outside-label.png\",\"contentUrl\":\"https:\/\/www.lifesentenceindustry.com\/wp-content\/uploads\/2018\/07\/Industru-Black-Outside-label.png\",\"width\":900,\"height\":900,\"caption\":\"Life Sentence Industry\"},\"image\":{\"@id\":\"https:\/\/www.lifesentenceindustry.com\/it\/#\/schema\/logo\/image\/\"},\"sameAs\":[\"https:\/\/www.facebook.com\/Life-Sentence-Industry-1861459747481393\/\",\"https:\/\/x.com\/LifeSentenceRec\",\"https:\/\/www.instagram.com\/lifesentenceindustry\/\",\"https:\/\/www.linkedin.com\/company\/lifesentenceindustry\",\"https:\/\/myspace.com\/lifesentencerec\",\"https:\/\/it.pinterest.com\/lifesentencerec\/\",\"https:\/\/www.youtube.com\/user\/LifeSentenceRec\"]}]}<\/script>\n<!-- \/ Yoast SEO plugin. -->","yoast_head_json":{"title":"LIFE SOCKS ONE Limited Edition - Life Sentence Industry","description":"I Life Socks One sono perfetti per giocare a tennis, andare in palestra e da indossare nelle vostre serate liberegni evento. Sconto del 15%","robots":{"index":"index","follow":"follow","max-snippet":"max-snippet:-1","max-image-preview":"max-image-preview:large","max-video-preview":"max-video-preview:-1"},"canonical":"https:\/\/www.lifesentenceindustry.com\/it\/prodotto\/life-socks-one\/","og_locale":"it_IT","og_type":"article","og_title":"LIFE SOCKS ONE Limited Edition - Life Sentence Industry","og_description":"I Life Socks One sono perfetti per giocare a tennis, andare in palestra e da indossare nelle vostre serate liberegni evento. Sconto del 15%","og_url":"https:\/\/www.lifesentenceindustry.com\/it\/prodotto\/life-socks-one\/","og_site_name":"Life Sentence Industry","article_publisher":"https:\/\/www.facebook.com\/Life-Sentence-Industry-1861459747481393\/","article_modified_time":"2020-05-07T20:33:53+00:00","og_image":[{"width":1000,"height":1000,"url":"https:\/\/www.lifesentenceindustry.com\/wp-content\/uploads\/2020\/05\/mockup-3d1178a4.png","type":"image\/png"}],"twitter_card":"summary_large_image","twitter_site":"@LifeSentenceRec","twitter_misc":{"Tempo di lettura stimato":"1 minuto"},"schema":{"@context":"https:\/\/schema.org","@graph":[{"@type":"WebPage","@id":"https:\/\/www.lifesentenceindustry.com\/it\/prodotto\/life-socks-one\/","url":"https:\/\/www.lifesentenceindustry.com\/it\/prodotto\/life-socks-one\/","name":"LIFE SOCKS ONE Limited Edition - Life Sentence Industry","isPartOf":{"@id":"https:\/\/www.lifesentenceindustry.com\/it\/#website"},"primaryImageOfPage":{"@id":"https:\/\/www.lifesentenceindustry.com\/it\/prodotto\/life-socks-one\/#primaryimage"},"image":{"@id":"https:\/\/www.lifesentenceindustry.com\/it\/prodotto\/life-socks-one\/#primaryimage"},"thumbnailUrl":"https:\/\/www.lifesentenceindustry.com\/wp-content\/uploads\/2020\/05\/mockup-3d1178a4.png","datePublished":"2020-05-07T20:29:52+00:00","dateModified":"2020-05-07T20:33:53+00:00","description":"I Life Socks One sono perfetti per giocare a tennis, andare in palestra e da indossare nelle vostre serate liberegni evento. Sconto del 15%","breadcrumb":{"@id":"https:\/\/www.lifesentenceindustry.com\/it\/prodotto\/life-socks-one\/#breadcrumb"},"inLanguage":"it-IT","potentialAction":[{"@type":"ReadAction","target":["https:\/\/www.lifesentenceindustry.com\/it\/prodotto\/life-socks-one\/"]}]},{"@type":"ImageObject","inLanguage":"it-IT","@id":"https:\/\/www.lifesentenceindustry.com\/it\/prodotto\/life-socks-one\/#primaryimage","url":"https:\/\/www.lifesentenceindustry.com\/wp-content\/uploads\/2020\/05\/mockup-3d1178a4.png","contentUrl":"https:\/\/www.lifesentenceindustry.com\/wp-content\/uploads\/2020\/05\/mockup-3d1178a4.png","width":1000,"height":1000,"caption":"Life-Socks-One-left"},{"@type":"BreadcrumbList","@id":"https:\/\/www.lifesentenceindustry.com\/it\/prodotto\/life-socks-one\/#breadcrumb","itemListElement":[{"@type":"ListItem","position":1,"name":"Home","item":"https:\/\/www.lifesentenceindustry.com\/it\/"},{"@type":"ListItem","position":2,"name":"NEGOZIO","item":"https:\/\/www.lifesentenceindustry.com\/it\/negozio\/"},{"@type":"ListItem","position":3,"name":"LIFE SOCKS ONE"}]},{"@type":"WebSite","@id":"https:\/\/www.lifesentenceindustry.com\/it\/#website","url":"https:\/\/www.lifesentenceindustry.com\/it\/","name":"Life Sentence Industry","description":"Underground Clothing Brand","publisher":{"@id":"https:\/\/www.lifesentenceindustry.com\/it\/#organization"},"potentialAction":[{"@type":"SearchAction","target":{"@type":"EntryPoint","urlTemplate":"https:\/\/www.lifesentenceindustry.com\/it\/?s={search_term_string}"},"query-input":{"@type":"PropertyValueSpecification","valueRequired":true,"valueName":"search_term_string"}}],"inLanguage":"it-IT"},{"@type":"Organization","@id":"https:\/\/www.lifesentenceindustry.com\/it\/#organization","name":"Life Sentence Industry","url":"https:\/\/www.lifesentenceindustry.com\/it\/","logo":{"@type":"ImageObject","inLanguage":"it-IT","@id":"https:\/\/www.lifesentenceindustry.com\/it\/#\/schema\/logo\/image\/","url":"https:\/\/www.lifesentenceindustry.com\/wp-content\/uploads\/2018\/07\/Industru-Black-Outside-label.png","contentUrl":"https:\/\/www.lifesentenceindustry.com\/wp-content\/uploads\/2018\/07\/Industru-Black-Outside-label.png","width":900,"height":900,"caption":"Life Sentence Industry"},"image":{"@id":"https:\/\/www.lifesentenceindustry.com\/it\/#\/schema\/logo\/image\/"},"sameAs":["https:\/\/www.facebook.com\/Life-Sentence-Industry-1861459747481393\/","https:\/\/x.com\/LifeSentenceRec","https:\/\/www.instagram.com\/lifesentenceindustry\/","https:\/\/www.linkedin.com\/company\/lifesentenceindustry","https:\/\/myspace.com\/lifesentencerec","https:\/\/it.pinterest.com\/lifesentencerec\/","https:\/\/www.youtube.com\/user\/LifeSentenceRec"]}]}},"_links":{"self":[{"href":"https:\/\/www.lifesentenceindustry.com\/it\/wp-json\/wp\/v2\/product\/6406","targetHints":{"allow":["GET"]}}],"collection":[{"href":"https:\/\/www.lifesentenceindustry.com\/it\/wp-json\/wp\/v2\/product"}],"about":[{"href":"https:\/\/www.lifesentenceindustry.com\/it\/wp-json\/wp\/v2\/types\/product"}],"replies":[{"embeddable":true,"href":"https:\/\/www.lifesentenceindustry.com\/it\/wp-json\/wp\/v2\/comments?post=6406"}],"wp:featuredmedia":[{"embeddable":true,"href":"https:\/\/www.lifesentenceindustry.com\/it\/wp-json\/wp\/v2\/media\/6399"}],"wp:attachment":[{"href":"https:\/\/www.lifesentenceindustry.com\/it\/wp-json\/wp\/v2\/media?parent=6406"}],"wp:term":[{"taxonomy":"product_brand","embeddable":true,"href":"https:\/\/www.lifesentenceindustry.com\/it\/wp-json\/wp\/v2\/product_brand?post=6406"},{"taxonomy":"product_cat","embeddable":true,"href":"https:\/\/www.lifesentenceindustry.com\/it\/wp-json\/wp\/v2\/product_cat?post=6406"},{"taxonomy":"product_tag","embeddable":true,"href":"https:\/\/www.lifesentenceindustry.com\/it\/wp-json\/wp\/v2\/product_tag?post=6406"}],"curies":[{"name":"wp","href":"https:\/\/api.w.org\/{rel}","templated":true}]}}