{"id":7417,"date":"2021-03-04T10:59:18","date_gmt":"2021-03-08T11:19:49","guid":{"rendered":"https:\/\/www.lifesentenceindustry.com\/product\/jimi-t-shirt\/"},"modified":"2021-03-08T12:22:48","modified_gmt":"2021-03-08T11:22:48","slug":"jimi-t-shirt","status":"publish","type":"product","link":"https:\/\/www.lifesentenceindustry.com\/it\/prodotto\/jimi-t-shirt\/","title":{"rendered":"JIMI T-SHIRT"},"content":{"rendered":"<p>La t-shirt Jimi presentata nel 2021 per la <a href=\"https:\/\/www.lifesentenceindustry.com\/tag-product\/inkstars\/\" target=\"_blank\" rel=\"noopener\">collezione Inkstars<\/a> rappresenta la perfetta interpretazione artistica da indossare tutti i giorni, una grande stampa sul davanti e il caratteristico buco della serratura sulla manica destra che rappresenta l&#8217;originalit\u00e0 del prodotto.<\/p>\n<p>Eccoti la maglietta che nel tuo guardaroba non pu\u00f2 mancare. La maglietta Jimi \u00e8 fatta di un cotone morbidissimo e resistente nel tempo. Le doppie cuciture sul girocollo e sulle maniche aggiungono pi\u00f9 resistenza a quello che sar\u00e0 sicuramente la tua maglietta preferita!<\/p>\n<p>Questa maglietta \u00e8 della morbidezza che hai sempre sognato. E&#8217; leggera con la perfetta elasticit\u00e0. Vi durer\u00e0 per tantissimi anni!<\/p>\n<ul>\n<li>100% cotone<\/li>\n<li>Peso: 4.2 oz (142 g\/m2)<\/li>\n<li>Tessuto prelavato<\/li>\n<li>Cucitura da spalla a spalla<\/li>\n<li>Cuciture laterali<\/li>\n<\/ul>\n","protected":false},"excerpt":{"rendered":"<div class=\"woocommerce-product-details__short-description lazyloaded\">\n<h3><strong>OTTIENI LO SCONTO BENVENUTO DEL 15%<\/strong><\/h3>\n<h4>Usa il codice <strong>WELCOME<\/strong> nel carrello per ottenere la diminuzione sul tuo primo ordine.<\/h4>\n<p>Scegli la tua taglia nella <strong>Size Chart<\/strong> , indica il tuo colore preferito ed aggiungi al carrello.<\/p>\n<\/div>\n","protected":false},"featured_media":7412,"comment_status":"open","ping_status":"closed","template":"","meta":[],"product_brand":[],"product_cat":[107,109],"product_tag":[245,298],"class_list":{"0":"post-7417","1":"product","2":"type-product","3":"status-publish","4":"has-post-thumbnail","6":"product_cat-magliette","7":"product_cat-magliette-uomo","8":"product_tag-inkstars-it","9":"product_tag-jimi-it","11":"first","12":"instock","13":"taxable","14":"shipping-taxable","15":"purchasable","16":"product-type-variable","17":"has-default-attributes"},"yoast_head":"<!-- This site is optimized with the Yoast SEO plugin v25.3 - https:\/\/yoast.com\/wordpress\/plugins\/seo\/ -->\n<title>JIMI T-SHIRT - Life Sentence Industry<\/title>\n<meta name=\"description\" content=\"La t-shirt Jimi presentata nel 2021 per la collezione Inkstars rappresenta la perfetta interpretazione artistica da indossare ogni giorno.\" \/>\n<meta name=\"robots\" content=\"index, follow, max-snippet:-1, max-image-preview:large, max-video-preview:-1\" \/>\n<link rel=\"canonical\" href=\"https:\/\/www.lifesentenceindustry.com\/it\/prodotto\/jimi-t-shirt\/\" \/>\n<meta property=\"og:locale\" content=\"it_IT\" \/>\n<meta property=\"og:type\" content=\"article\" \/>\n<meta property=\"og:title\" content=\"JIMI T-SHIRT - Life Sentence Industry\" \/>\n<meta property=\"og:description\" content=\"La t-shirt Jimi presentata nel 2021 per la collezione Inkstars rappresenta la perfetta interpretazione artistica da indossare ogni giorno.\" \/>\n<meta property=\"og:url\" content=\"https:\/\/www.lifesentenceindustry.com\/it\/prodotto\/jimi-t-shirt\/\" \/>\n<meta property=\"og:site_name\" content=\"Life Sentence Industry\" \/>\n<meta property=\"article:publisher\" content=\"https:\/\/www.facebook.com\/Life-Sentence-Industry-1861459747481393\/\" \/>\n<meta property=\"article:modified_time\" content=\"2021-03-08T11:22:48+00:00\" \/>\n<meta property=\"og:image\" content=\"https:\/\/www.lifesentenceindustry.com\/wp-content\/uploads\/2021\/03\/mock-up-tshirt-fronte-jimi-navy.jpg\" \/>\n\t<meta property=\"og:image:width\" content=\"1200\" \/>\n\t<meta property=\"og:image:height\" content=\"1200\" \/>\n\t<meta property=\"og:image:type\" content=\"image\/jpeg\" \/>\n<meta name=\"twitter:card\" content=\"summary_large_image\" \/>\n<meta name=\"twitter:site\" content=\"@LifeSentenceRec\" \/>\n<meta name=\"twitter:label1\" content=\"Tempo di lettura stimato\" \/>\n\t<meta name=\"twitter:data1\" content=\"1 minuto\" \/>\n<script type=\"application\/ld+json\" class=\"yoast-schema-graph\">{\"@context\":\"https:\/\/schema.org\",\"@graph\":[{\"@type\":\"WebPage\",\"@id\":\"https:\/\/www.lifesentenceindustry.com\/it\/prodotto\/jimi-t-shirt\/\",\"url\":\"https:\/\/www.lifesentenceindustry.com\/it\/prodotto\/jimi-t-shirt\/\",\"name\":\"JIMI T-SHIRT - Life Sentence Industry\",\"isPartOf\":{\"@id\":\"https:\/\/www.lifesentenceindustry.com\/it\/#website\"},\"primaryImageOfPage\":{\"@id\":\"https:\/\/www.lifesentenceindustry.com\/it\/prodotto\/jimi-t-shirt\/#primaryimage\"},\"image\":{\"@id\":\"https:\/\/www.lifesentenceindustry.com\/it\/prodotto\/jimi-t-shirt\/#primaryimage\"},\"thumbnailUrl\":\"https:\/\/www.lifesentenceindustry.com\/wp-content\/uploads\/2021\/03\/mock-up-tshirt-fronte-jimi-navy.jpg\",\"datePublished\":\"2021-03-08T11:19:49+00:00\",\"dateModified\":\"2021-03-08T11:22:48+00:00\",\"description\":\"La t-shirt Jimi presentata nel 2021 per la collezione Inkstars rappresenta la perfetta interpretazione artistica da indossare ogni giorno.\",\"breadcrumb\":{\"@id\":\"https:\/\/www.lifesentenceindustry.com\/it\/prodotto\/jimi-t-shirt\/#breadcrumb\"},\"inLanguage\":\"it-IT\",\"potentialAction\":[{\"@type\":\"ReadAction\",\"target\":[\"https:\/\/www.lifesentenceindustry.com\/it\/prodotto\/jimi-t-shirt\/\"]}]},{\"@type\":\"ImageObject\",\"inLanguage\":\"it-IT\",\"@id\":\"https:\/\/www.lifesentenceindustry.com\/it\/prodotto\/jimi-t-shirt\/#primaryimage\",\"url\":\"https:\/\/www.lifesentenceindustry.com\/wp-content\/uploads\/2021\/03\/mock-up-tshirt-fronte-jimi-navy.jpg\",\"contentUrl\":\"https:\/\/www.lifesentenceindustry.com\/wp-content\/uploads\/2021\/03\/mock-up-tshirt-fronte-jimi-navy.jpg\",\"width\":1200,\"height\":1200,\"caption\":\"mock-up-tshirt-fronte-jimi-hendrix-navy\"},{\"@type\":\"BreadcrumbList\",\"@id\":\"https:\/\/www.lifesentenceindustry.com\/it\/prodotto\/jimi-t-shirt\/#breadcrumb\",\"itemListElement\":[{\"@type\":\"ListItem\",\"position\":1,\"name\":\"Home\",\"item\":\"https:\/\/www.lifesentenceindustry.com\/it\/\"},{\"@type\":\"ListItem\",\"position\":2,\"name\":\"NEGOZIO\",\"item\":\"https:\/\/www.lifesentenceindustry.com\/it\/negozio\/\"},{\"@type\":\"ListItem\",\"position\":3,\"name\":\"JIMI T-SHIRT\"}]},{\"@type\":\"WebSite\",\"@id\":\"https:\/\/www.lifesentenceindustry.com\/it\/#website\",\"url\":\"https:\/\/www.lifesentenceindustry.com\/it\/\",\"name\":\"Life Sentence Industry\",\"description\":\"Underground Clothing Brand\",\"publisher\":{\"@id\":\"https:\/\/www.lifesentenceindustry.com\/it\/#organization\"},\"potentialAction\":[{\"@type\":\"SearchAction\",\"target\":{\"@type\":\"EntryPoint\",\"urlTemplate\":\"https:\/\/www.lifesentenceindustry.com\/it\/?s={search_term_string}\"},\"query-input\":{\"@type\":\"PropertyValueSpecification\",\"valueRequired\":true,\"valueName\":\"search_term_string\"}}],\"inLanguage\":\"it-IT\"},{\"@type\":\"Organization\",\"@id\":\"https:\/\/www.lifesentenceindustry.com\/it\/#organization\",\"name\":\"Life Sentence Industry\",\"url\":\"https:\/\/www.lifesentenceindustry.com\/it\/\",\"logo\":{\"@type\":\"ImageObject\",\"inLanguage\":\"it-IT\",\"@id\":\"https:\/\/www.lifesentenceindustry.com\/it\/#\/schema\/logo\/image\/\",\"url\":\"https:\/\/www.lifesentenceindustry.com\/wp-content\/uploads\/2018\/07\/Industru-Black-Outside-label.png\",\"contentUrl\":\"https:\/\/www.lifesentenceindustry.com\/wp-content\/uploads\/2018\/07\/Industru-Black-Outside-label.png\",\"width\":900,\"height\":900,\"caption\":\"Life Sentence Industry\"},\"image\":{\"@id\":\"https:\/\/www.lifesentenceindustry.com\/it\/#\/schema\/logo\/image\/\"},\"sameAs\":[\"https:\/\/www.facebook.com\/Life-Sentence-Industry-1861459747481393\/\",\"https:\/\/x.com\/LifeSentenceRec\",\"https:\/\/www.instagram.com\/lifesentenceindustry\/\",\"https:\/\/www.linkedin.com\/company\/lifesentenceindustry\",\"https:\/\/myspace.com\/lifesentencerec\",\"https:\/\/it.pinterest.com\/lifesentencerec\/\",\"https:\/\/www.youtube.com\/user\/LifeSentenceRec\"]}]}<\/script>\n<!-- \/ Yoast SEO plugin. -->","yoast_head_json":{"title":"JIMI T-SHIRT - Life Sentence Industry","description":"La t-shirt Jimi presentata nel 2021 per la collezione Inkstars rappresenta la perfetta interpretazione artistica da indossare ogni giorno.","robots":{"index":"index","follow":"follow","max-snippet":"max-snippet:-1","max-image-preview":"max-image-preview:large","max-video-preview":"max-video-preview:-1"},"canonical":"https:\/\/www.lifesentenceindustry.com\/it\/prodotto\/jimi-t-shirt\/","og_locale":"it_IT","og_type":"article","og_title":"JIMI T-SHIRT - Life Sentence Industry","og_description":"La t-shirt Jimi presentata nel 2021 per la collezione Inkstars rappresenta la perfetta interpretazione artistica da indossare ogni giorno.","og_url":"https:\/\/www.lifesentenceindustry.com\/it\/prodotto\/jimi-t-shirt\/","og_site_name":"Life Sentence Industry","article_publisher":"https:\/\/www.facebook.com\/Life-Sentence-Industry-1861459747481393\/","article_modified_time":"2021-03-08T11:22:48+00:00","og_image":[{"width":1200,"height":1200,"url":"https:\/\/www.lifesentenceindustry.com\/wp-content\/uploads\/2021\/03\/mock-up-tshirt-fronte-jimi-navy.jpg","type":"image\/jpeg"}],"twitter_card":"summary_large_image","twitter_site":"@LifeSentenceRec","twitter_misc":{"Tempo di lettura stimato":"1 minuto"},"schema":{"@context":"https:\/\/schema.org","@graph":[{"@type":"WebPage","@id":"https:\/\/www.lifesentenceindustry.com\/it\/prodotto\/jimi-t-shirt\/","url":"https:\/\/www.lifesentenceindustry.com\/it\/prodotto\/jimi-t-shirt\/","name":"JIMI T-SHIRT - Life Sentence Industry","isPartOf":{"@id":"https:\/\/www.lifesentenceindustry.com\/it\/#website"},"primaryImageOfPage":{"@id":"https:\/\/www.lifesentenceindustry.com\/it\/prodotto\/jimi-t-shirt\/#primaryimage"},"image":{"@id":"https:\/\/www.lifesentenceindustry.com\/it\/prodotto\/jimi-t-shirt\/#primaryimage"},"thumbnailUrl":"https:\/\/www.lifesentenceindustry.com\/wp-content\/uploads\/2021\/03\/mock-up-tshirt-fronte-jimi-navy.jpg","datePublished":"2021-03-08T11:19:49+00:00","dateModified":"2021-03-08T11:22:48+00:00","description":"La t-shirt Jimi presentata nel 2021 per la collezione Inkstars rappresenta la perfetta interpretazione artistica da indossare ogni giorno.","breadcrumb":{"@id":"https:\/\/www.lifesentenceindustry.com\/it\/prodotto\/jimi-t-shirt\/#breadcrumb"},"inLanguage":"it-IT","potentialAction":[{"@type":"ReadAction","target":["https:\/\/www.lifesentenceindustry.com\/it\/prodotto\/jimi-t-shirt\/"]}]},{"@type":"ImageObject","inLanguage":"it-IT","@id":"https:\/\/www.lifesentenceindustry.com\/it\/prodotto\/jimi-t-shirt\/#primaryimage","url":"https:\/\/www.lifesentenceindustry.com\/wp-content\/uploads\/2021\/03\/mock-up-tshirt-fronte-jimi-navy.jpg","contentUrl":"https:\/\/www.lifesentenceindustry.com\/wp-content\/uploads\/2021\/03\/mock-up-tshirt-fronte-jimi-navy.jpg","width":1200,"height":1200,"caption":"mock-up-tshirt-fronte-jimi-hendrix-navy"},{"@type":"BreadcrumbList","@id":"https:\/\/www.lifesentenceindustry.com\/it\/prodotto\/jimi-t-shirt\/#breadcrumb","itemListElement":[{"@type":"ListItem","position":1,"name":"Home","item":"https:\/\/www.lifesentenceindustry.com\/it\/"},{"@type":"ListItem","position":2,"name":"NEGOZIO","item":"https:\/\/www.lifesentenceindustry.com\/it\/negozio\/"},{"@type":"ListItem","position":3,"name":"JIMI T-SHIRT"}]},{"@type":"WebSite","@id":"https:\/\/www.lifesentenceindustry.com\/it\/#website","url":"https:\/\/www.lifesentenceindustry.com\/it\/","name":"Life Sentence Industry","description":"Underground Clothing Brand","publisher":{"@id":"https:\/\/www.lifesentenceindustry.com\/it\/#organization"},"potentialAction":[{"@type":"SearchAction","target":{"@type":"EntryPoint","urlTemplate":"https:\/\/www.lifesentenceindustry.com\/it\/?s={search_term_string}"},"query-input":{"@type":"PropertyValueSpecification","valueRequired":true,"valueName":"search_term_string"}}],"inLanguage":"it-IT"},{"@type":"Organization","@id":"https:\/\/www.lifesentenceindustry.com\/it\/#organization","name":"Life Sentence Industry","url":"https:\/\/www.lifesentenceindustry.com\/it\/","logo":{"@type":"ImageObject","inLanguage":"it-IT","@id":"https:\/\/www.lifesentenceindustry.com\/it\/#\/schema\/logo\/image\/","url":"https:\/\/www.lifesentenceindustry.com\/wp-content\/uploads\/2018\/07\/Industru-Black-Outside-label.png","contentUrl":"https:\/\/www.lifesentenceindustry.com\/wp-content\/uploads\/2018\/07\/Industru-Black-Outside-label.png","width":900,"height":900,"caption":"Life Sentence Industry"},"image":{"@id":"https:\/\/www.lifesentenceindustry.com\/it\/#\/schema\/logo\/image\/"},"sameAs":["https:\/\/www.facebook.com\/Life-Sentence-Industry-1861459747481393\/","https:\/\/x.com\/LifeSentenceRec","https:\/\/www.instagram.com\/lifesentenceindustry\/","https:\/\/www.linkedin.com\/company\/lifesentenceindustry","https:\/\/myspace.com\/lifesentencerec","https:\/\/it.pinterest.com\/lifesentencerec\/","https:\/\/www.youtube.com\/user\/LifeSentenceRec"]}]}},"_links":{"self":[{"href":"https:\/\/www.lifesentenceindustry.com\/it\/wp-json\/wp\/v2\/product\/7417","targetHints":{"allow":["GET"]}}],"collection":[{"href":"https:\/\/www.lifesentenceindustry.com\/it\/wp-json\/wp\/v2\/product"}],"about":[{"href":"https:\/\/www.lifesentenceindustry.com\/it\/wp-json\/wp\/v2\/types\/product"}],"replies":[{"embeddable":true,"href":"https:\/\/www.lifesentenceindustry.com\/it\/wp-json\/wp\/v2\/comments?post=7417"}],"wp:featuredmedia":[{"embeddable":true,"href":"https:\/\/www.lifesentenceindustry.com\/it\/wp-json\/wp\/v2\/media\/7412"}],"wp:attachment":[{"href":"https:\/\/www.lifesentenceindustry.com\/it\/wp-json\/wp\/v2\/media?parent=7417"}],"wp:term":[{"taxonomy":"product_brand","embeddable":true,"href":"https:\/\/www.lifesentenceindustry.com\/it\/wp-json\/wp\/v2\/product_brand?post=7417"},{"taxonomy":"product_cat","embeddable":true,"href":"https:\/\/www.lifesentenceindustry.com\/it\/wp-json\/wp\/v2\/product_cat?post=7417"},{"taxonomy":"product_tag","embeddable":true,"href":"https:\/\/www.lifesentenceindustry.com\/it\/wp-json\/wp\/v2\/product_tag?post=7417"}],"curies":[{"name":"wp","href":"https:\/\/api.w.org\/{rel}","templated":true}]}}