{"id":7763,"date":"2022-01-07T19:39:57","date_gmt":"2022-01-09T11:18:44","guid":{"rendered":"https:\/\/www.lifesentenceindustry.com\/product\/felpa-con-cappuccio-aka-oni\/"},"modified":"2022-01-09T17:51:38","modified_gmt":"2022-01-09T16:51:38","slug":"aka-oni-felpa-con-cappuccio","status":"publish","type":"product","link":"https:\/\/www.lifesentenceindustry.com\/it\/prodotto\/aka-oni-felpa-con-cappuccio\/","title":{"rendered":"AKA-ONI FELPA CON CAPPUCCIO"},"content":{"rendered":"<p>Secondo gli esperti d&#8217;arte, il significato di Oni rappresenta la capacit\u00e0 del demone di punire qualsiasi atto malvagio o ingiusto. La maschera demoniaca presenta varie creature malvagie ed \u00e8 una rappresentazione che simboleggia la lotta tra il male e il bene.<br \/>\n<em><a href=\"https:\/\/en.wikipedia.org\/wiki\/Oni\" target=\"_blank\" rel=\"noopener noreferrer\">CENNI<\/a> STORICI<\/em><br \/>\nDurante l&#8217;era Heian il buddismo giapponese, che aveva gi\u00e0 importato una parte della demonologia indiana, incorpor\u00f2 queste credenze chiamando queste creature <strong>aka-oni<\/strong> (&#8220;oni rossi&#8221;) e ao-oni (&#8220;oni blu&#8221;) e facendole diventare i guardiani dell&#8217;inferno o torturatori di anime dannate.<\/p>\n<p>Chi sapeva che la felpa con cappuccio pi\u00f9 morbida che tu abbia mai avuto \u00e8 dotata di un design cos\u00ec bello. Non ti pentirai di aver acquistato questo classico capo di abbigliamento streetwear con una comoda tasca a marsupio e un caldo cappuccio per le serate fredde.<\/p>\n<p>\u2022 Cappuccio in cotone 100%<br \/>\n\u2022 65% cotone filato ad anello, 35% poliestere<br \/>\n\u2022 Tasca frontale a marsupio<br \/>\n\u2022 Toppa dello stesso tessuto sul retro<br \/>\n\u2022 Coulisse piatte abbinate<br \/>\n\u2022 Cappuccio a 3 pannelli<\/p>\n","protected":false},"excerpt":{"rendered":"<h3><strong>OTTIENI LO SCONTO BENVENUTO DEL 15%<\/strong><\/h3>\n<h4>Usa il codice <strong>WELCOME<\/strong> nel carrello per ottenere la diminuzione sul tuo primo ordine.<\/h4>\n<p>Scegli la tua taglia nella <strong>Size Chart<\/strong> , indica il tuo colore preferito ed aggiungi al carrello.<\/p>\n","protected":false},"featured_media":7723,"comment_status":"open","ping_status":"closed","template":"","meta":[],"product_brand":[],"product_cat":[108],"product_tag":[243],"class_list":{"0":"post-7763","1":"product","2":"type-product","3":"status-publish","4":"has-post-thumbnail","6":"product_cat-felpe","7":"product_tag-oni-it","9":"first","10":"instock","11":"taxable","12":"shipping-taxable","13":"purchasable","14":"product-type-variable","15":"has-default-attributes"},"yoast_head":"<!-- This site is optimized with the Yoast SEO plugin v25.3 - https:\/\/yoast.com\/wordpress\/plugins\/seo\/ -->\n<title>AKA-ONI FELPA CON CAPPUCCIO - Life Sentence Industry<\/title>\n<meta name=\"description\" content=\"Demon Aka-oni (&quot;red oni&quot;), la felpa con cappuccio giapponese perfetta dalla nostra collezione. Risparmia il 15% sul tuo primo acquisto.\" \/>\n<meta name=\"robots\" content=\"index, follow, max-snippet:-1, max-image-preview:large, max-video-preview:-1\" \/>\n<link rel=\"canonical\" href=\"https:\/\/www.lifesentenceindustry.com\/it\/prodotto\/aka-oni-felpa-con-cappuccio\/\" \/>\n<meta property=\"og:locale\" content=\"it_IT\" \/>\n<meta property=\"og:type\" content=\"article\" \/>\n<meta property=\"og:title\" content=\"AKA-ONI FELPA CON CAPPUCCIO - Life Sentence Industry\" \/>\n<meta property=\"og:description\" content=\"Demon Aka-oni (&quot;red oni&quot;), la felpa con cappuccio giapponese perfetta dalla nostra collezione. Risparmia il 15% sul tuo primo acquisto.\" \/>\n<meta property=\"og:url\" content=\"https:\/\/www.lifesentenceindustry.com\/it\/prodotto\/aka-oni-felpa-con-cappuccio\/\" \/>\n<meta property=\"og:site_name\" content=\"Life Sentence Industry\" \/>\n<meta property=\"article:publisher\" content=\"https:\/\/www.facebook.com\/Life-Sentence-Industry-1861459747481393\/\" \/>\n<meta property=\"article:modified_time\" content=\"2022-01-09T16:51:38+00:00\" \/>\n<meta property=\"og:image\" content=\"https:\/\/www.lifesentenceindustry.com\/wp-content\/uploads\/2019\/06\/Banner-Linkedin..png\" \/>\n\t<meta property=\"og:image:width\" content=\"1400\" \/>\n\t<meta property=\"og:image:height\" content=\"425\" \/>\n\t<meta property=\"og:image:type\" content=\"image\/png\" \/>\n<meta name=\"twitter:card\" content=\"summary_large_image\" \/>\n<meta name=\"twitter:site\" content=\"@LifeSentenceRec\" \/>\n<meta name=\"twitter:label1\" content=\"Tempo di lettura stimato\" \/>\n\t<meta name=\"twitter:data1\" content=\"1 minuto\" \/>\n<script type=\"application\/ld+json\" class=\"yoast-schema-graph\">{\"@context\":\"https:\/\/schema.org\",\"@graph\":[{\"@type\":\"WebPage\",\"@id\":\"https:\/\/www.lifesentenceindustry.com\/it\/prodotto\/aka-oni-felpa-con-cappuccio\/\",\"url\":\"https:\/\/www.lifesentenceindustry.com\/it\/prodotto\/aka-oni-felpa-con-cappuccio\/\",\"name\":\"AKA-ONI FELPA CON CAPPUCCIO - Life Sentence Industry\",\"isPartOf\":{\"@id\":\"https:\/\/www.lifesentenceindustry.com\/it\/#website\"},\"primaryImageOfPage\":{\"@id\":\"https:\/\/www.lifesentenceindustry.com\/it\/prodotto\/aka-oni-felpa-con-cappuccio\/#primaryimage\"},\"image\":{\"@id\":\"https:\/\/www.lifesentenceindustry.com\/it\/prodotto\/aka-oni-felpa-con-cappuccio\/#primaryimage\"},\"thumbnailUrl\":\"https:\/\/www.lifesentenceindustry.com\/wp-content\/uploads\/2022\/01\/unisex-premium-hoodie-black-front-61d888f27bba4.png\",\"datePublished\":\"2022-01-09T11:18:44+00:00\",\"dateModified\":\"2022-01-09T16:51:38+00:00\",\"description\":\"Demon Aka-oni (\\\"red oni\\\"), la felpa con cappuccio giapponese perfetta dalla nostra collezione. Risparmia il 15% sul tuo primo acquisto.\",\"breadcrumb\":{\"@id\":\"https:\/\/www.lifesentenceindustry.com\/it\/prodotto\/aka-oni-felpa-con-cappuccio\/#breadcrumb\"},\"inLanguage\":\"it-IT\",\"potentialAction\":[{\"@type\":\"ReadAction\",\"target\":[\"https:\/\/www.lifesentenceindustry.com\/it\/prodotto\/aka-oni-felpa-con-cappuccio\/\"]}]},{\"@type\":\"ImageObject\",\"inLanguage\":\"it-IT\",\"@id\":\"https:\/\/www.lifesentenceindustry.com\/it\/prodotto\/aka-oni-felpa-con-cappuccio\/#primaryimage\",\"url\":\"https:\/\/www.lifesentenceindustry.com\/wp-content\/uploads\/2022\/01\/unisex-premium-hoodie-black-front-61d888f27bba4.png\",\"contentUrl\":\"https:\/\/www.lifesentenceindustry.com\/wp-content\/uploads\/2022\/01\/unisex-premium-hoodie-black-front-61d888f27bba4.png\",\"width\":1000,\"height\":1000},{\"@type\":\"BreadcrumbList\",\"@id\":\"https:\/\/www.lifesentenceindustry.com\/it\/prodotto\/aka-oni-felpa-con-cappuccio\/#breadcrumb\",\"itemListElement\":[{\"@type\":\"ListItem\",\"position\":1,\"name\":\"Home\",\"item\":\"https:\/\/www.lifesentenceindustry.com\/it\/\"},{\"@type\":\"ListItem\",\"position\":2,\"name\":\"NEGOZIO\",\"item\":\"https:\/\/www.lifesentenceindustry.com\/it\/negozio\/\"},{\"@type\":\"ListItem\",\"position\":3,\"name\":\"AKA-ONI FELPA CON CAPPUCCIO\"}]},{\"@type\":\"WebSite\",\"@id\":\"https:\/\/www.lifesentenceindustry.com\/it\/#website\",\"url\":\"https:\/\/www.lifesentenceindustry.com\/it\/\",\"name\":\"Life Sentence Industry\",\"description\":\"Underground Clothing Brand\",\"publisher\":{\"@id\":\"https:\/\/www.lifesentenceindustry.com\/it\/#organization\"},\"potentialAction\":[{\"@type\":\"SearchAction\",\"target\":{\"@type\":\"EntryPoint\",\"urlTemplate\":\"https:\/\/www.lifesentenceindustry.com\/it\/?s={search_term_string}\"},\"query-input\":{\"@type\":\"PropertyValueSpecification\",\"valueRequired\":true,\"valueName\":\"search_term_string\"}}],\"inLanguage\":\"it-IT\"},{\"@type\":\"Organization\",\"@id\":\"https:\/\/www.lifesentenceindustry.com\/it\/#organization\",\"name\":\"Life Sentence Industry\",\"url\":\"https:\/\/www.lifesentenceindustry.com\/it\/\",\"logo\":{\"@type\":\"ImageObject\",\"inLanguage\":\"it-IT\",\"@id\":\"https:\/\/www.lifesentenceindustry.com\/it\/#\/schema\/logo\/image\/\",\"url\":\"https:\/\/www.lifesentenceindustry.com\/wp-content\/uploads\/2018\/07\/Industru-Black-Outside-label.png\",\"contentUrl\":\"https:\/\/www.lifesentenceindustry.com\/wp-content\/uploads\/2018\/07\/Industru-Black-Outside-label.png\",\"width\":900,\"height\":900,\"caption\":\"Life Sentence Industry\"},\"image\":{\"@id\":\"https:\/\/www.lifesentenceindustry.com\/it\/#\/schema\/logo\/image\/\"},\"sameAs\":[\"https:\/\/www.facebook.com\/Life-Sentence-Industry-1861459747481393\/\",\"https:\/\/x.com\/LifeSentenceRec\",\"https:\/\/www.instagram.com\/lifesentenceindustry\/\",\"https:\/\/www.linkedin.com\/company\/lifesentenceindustry\",\"https:\/\/myspace.com\/lifesentencerec\",\"https:\/\/it.pinterest.com\/lifesentencerec\/\",\"https:\/\/www.youtube.com\/user\/LifeSentenceRec\"]}]}<\/script>\n<!-- \/ Yoast SEO plugin. -->","yoast_head_json":{"title":"AKA-ONI FELPA CON CAPPUCCIO - Life Sentence Industry","description":"Demon Aka-oni (\"red oni\"), la felpa con cappuccio giapponese perfetta dalla nostra collezione. Risparmia il 15% sul tuo primo acquisto.","robots":{"index":"index","follow":"follow","max-snippet":"max-snippet:-1","max-image-preview":"max-image-preview:large","max-video-preview":"max-video-preview:-1"},"canonical":"https:\/\/www.lifesentenceindustry.com\/it\/prodotto\/aka-oni-felpa-con-cappuccio\/","og_locale":"it_IT","og_type":"article","og_title":"AKA-ONI FELPA CON CAPPUCCIO - Life Sentence Industry","og_description":"Demon Aka-oni (\"red oni\"), la felpa con cappuccio giapponese perfetta dalla nostra collezione. Risparmia il 15% sul tuo primo acquisto.","og_url":"https:\/\/www.lifesentenceindustry.com\/it\/prodotto\/aka-oni-felpa-con-cappuccio\/","og_site_name":"Life Sentence Industry","article_publisher":"https:\/\/www.facebook.com\/Life-Sentence-Industry-1861459747481393\/","article_modified_time":"2022-01-09T16:51:38+00:00","og_image":[{"width":1400,"height":425,"url":"https:\/\/www.lifesentenceindustry.com\/wp-content\/uploads\/2019\/06\/Banner-Linkedin..png","type":"image\/png"}],"twitter_card":"summary_large_image","twitter_site":"@LifeSentenceRec","twitter_misc":{"Tempo di lettura stimato":"1 minuto"},"schema":{"@context":"https:\/\/schema.org","@graph":[{"@type":"WebPage","@id":"https:\/\/www.lifesentenceindustry.com\/it\/prodotto\/aka-oni-felpa-con-cappuccio\/","url":"https:\/\/www.lifesentenceindustry.com\/it\/prodotto\/aka-oni-felpa-con-cappuccio\/","name":"AKA-ONI FELPA CON CAPPUCCIO - Life Sentence Industry","isPartOf":{"@id":"https:\/\/www.lifesentenceindustry.com\/it\/#website"},"primaryImageOfPage":{"@id":"https:\/\/www.lifesentenceindustry.com\/it\/prodotto\/aka-oni-felpa-con-cappuccio\/#primaryimage"},"image":{"@id":"https:\/\/www.lifesentenceindustry.com\/it\/prodotto\/aka-oni-felpa-con-cappuccio\/#primaryimage"},"thumbnailUrl":"https:\/\/www.lifesentenceindustry.com\/wp-content\/uploads\/2022\/01\/unisex-premium-hoodie-black-front-61d888f27bba4.png","datePublished":"2022-01-09T11:18:44+00:00","dateModified":"2022-01-09T16:51:38+00:00","description":"Demon Aka-oni (\"red oni\"), la felpa con cappuccio giapponese perfetta dalla nostra collezione. Risparmia il 15% sul tuo primo acquisto.","breadcrumb":{"@id":"https:\/\/www.lifesentenceindustry.com\/it\/prodotto\/aka-oni-felpa-con-cappuccio\/#breadcrumb"},"inLanguage":"it-IT","potentialAction":[{"@type":"ReadAction","target":["https:\/\/www.lifesentenceindustry.com\/it\/prodotto\/aka-oni-felpa-con-cappuccio\/"]}]},{"@type":"ImageObject","inLanguage":"it-IT","@id":"https:\/\/www.lifesentenceindustry.com\/it\/prodotto\/aka-oni-felpa-con-cappuccio\/#primaryimage","url":"https:\/\/www.lifesentenceindustry.com\/wp-content\/uploads\/2022\/01\/unisex-premium-hoodie-black-front-61d888f27bba4.png","contentUrl":"https:\/\/www.lifesentenceindustry.com\/wp-content\/uploads\/2022\/01\/unisex-premium-hoodie-black-front-61d888f27bba4.png","width":1000,"height":1000},{"@type":"BreadcrumbList","@id":"https:\/\/www.lifesentenceindustry.com\/it\/prodotto\/aka-oni-felpa-con-cappuccio\/#breadcrumb","itemListElement":[{"@type":"ListItem","position":1,"name":"Home","item":"https:\/\/www.lifesentenceindustry.com\/it\/"},{"@type":"ListItem","position":2,"name":"NEGOZIO","item":"https:\/\/www.lifesentenceindustry.com\/it\/negozio\/"},{"@type":"ListItem","position":3,"name":"AKA-ONI FELPA CON CAPPUCCIO"}]},{"@type":"WebSite","@id":"https:\/\/www.lifesentenceindustry.com\/it\/#website","url":"https:\/\/www.lifesentenceindustry.com\/it\/","name":"Life Sentence Industry","description":"Underground Clothing Brand","publisher":{"@id":"https:\/\/www.lifesentenceindustry.com\/it\/#organization"},"potentialAction":[{"@type":"SearchAction","target":{"@type":"EntryPoint","urlTemplate":"https:\/\/www.lifesentenceindustry.com\/it\/?s={search_term_string}"},"query-input":{"@type":"PropertyValueSpecification","valueRequired":true,"valueName":"search_term_string"}}],"inLanguage":"it-IT"},{"@type":"Organization","@id":"https:\/\/www.lifesentenceindustry.com\/it\/#organization","name":"Life Sentence Industry","url":"https:\/\/www.lifesentenceindustry.com\/it\/","logo":{"@type":"ImageObject","inLanguage":"it-IT","@id":"https:\/\/www.lifesentenceindustry.com\/it\/#\/schema\/logo\/image\/","url":"https:\/\/www.lifesentenceindustry.com\/wp-content\/uploads\/2018\/07\/Industru-Black-Outside-label.png","contentUrl":"https:\/\/www.lifesentenceindustry.com\/wp-content\/uploads\/2018\/07\/Industru-Black-Outside-label.png","width":900,"height":900,"caption":"Life Sentence Industry"},"image":{"@id":"https:\/\/www.lifesentenceindustry.com\/it\/#\/schema\/logo\/image\/"},"sameAs":["https:\/\/www.facebook.com\/Life-Sentence-Industry-1861459747481393\/","https:\/\/x.com\/LifeSentenceRec","https:\/\/www.instagram.com\/lifesentenceindustry\/","https:\/\/www.linkedin.com\/company\/lifesentenceindustry","https:\/\/myspace.com\/lifesentencerec","https:\/\/it.pinterest.com\/lifesentencerec\/","https:\/\/www.youtube.com\/user\/LifeSentenceRec"]}]}},"_links":{"self":[{"href":"https:\/\/www.lifesentenceindustry.com\/it\/wp-json\/wp\/v2\/product\/7763","targetHints":{"allow":["GET"]}}],"collection":[{"href":"https:\/\/www.lifesentenceindustry.com\/it\/wp-json\/wp\/v2\/product"}],"about":[{"href":"https:\/\/www.lifesentenceindustry.com\/it\/wp-json\/wp\/v2\/types\/product"}],"replies":[{"embeddable":true,"href":"https:\/\/www.lifesentenceindustry.com\/it\/wp-json\/wp\/v2\/comments?post=7763"}],"wp:featuredmedia":[{"embeddable":true,"href":"https:\/\/www.lifesentenceindustry.com\/it\/wp-json\/wp\/v2\/media\/7723"}],"wp:attachment":[{"href":"https:\/\/www.lifesentenceindustry.com\/it\/wp-json\/wp\/v2\/media?parent=7763"}],"wp:term":[{"taxonomy":"product_brand","embeddable":true,"href":"https:\/\/www.lifesentenceindustry.com\/it\/wp-json\/wp\/v2\/product_brand?post=7763"},{"taxonomy":"product_cat","embeddable":true,"href":"https:\/\/www.lifesentenceindustry.com\/it\/wp-json\/wp\/v2\/product_cat?post=7763"},{"taxonomy":"product_tag","embeddable":true,"href":"https:\/\/www.lifesentenceindustry.com\/it\/wp-json\/wp\/v2\/product_tag?post=7763"}],"curies":[{"name":"wp","href":"https:\/\/api.w.org\/{rel}","templated":true}]}}